{"id":112000,"date":"2011-11-04T20:54:52","date_gmt":"2011-11-05T00:54:52","guid":{"rendered":"http:\/\/primermomento.com\/?page_id=112000"},"modified":"2023-09-26T05:54:50","modified_gmt":"2023-09-26T09:54:50","slug":"contactenos","status":"publish","type":"page","link":"https:\/\/primermomento.com\/?page_id=112000","title":{"rendered":"Cont\u00e1ctenos"},"content":{"rendered":"<h6><span style=\"background-color: #ffffff;\">Fundado en julio del 2009 por profesionales de la comunicaci\u00f3n social que buscan, preparan y publican hechos noticiosos y difunden opiniones para un p\u00fablico exigente en la era del periodismo electr\u00f3nico.<\/span><\/h6>\n<h6>Lic. Luis De Los Santos<br \/>\n<em>Director<\/em><\/h6>\n<p>Ing. Adriana J. Tejeda<br \/>\n<em>Administradora<\/em><\/p>\n<p><strong>Redacci\u00f3n:<\/strong><\/p>\n<h6>Email: primermomentodigital@gmail.com<\/h6>\n<p><strong>Pol\u00edtica informativa<\/strong><\/p>\n<p>Los puntos de vista o art\u00edculos de opini\u00f3n, difundidos en nuestro peri\u00f3dico digital, son responsabilidad de sus autores cuyas firmas e im\u00e1genes aparecen en el material de an\u00e1lisis abordados por estos valiosos profesionales de diferentes ramas del saber.<\/p>\n<p><strong>Publicidad en portada y p\u00e1ginas interiores<\/strong><\/p>\n<p>Portada encima del logotipo de la portada 728&#215;90 px<\/p>\n<p>Portada encima del logotipo de la portada 600&#215;60 px<\/p>\n<p>En otras colocaciones en la portada 728&#215;90 px<\/p>\n<p>En la parte derecha superior de la portada 300&#215;250 px<\/p>\n<p>En otras colocaciones en la portada 300&#215;250 px<\/p>\n<p>P\u00e1ginas interiores encima del logotipo 728&#215;90 px<\/p>\n<p>P\u00e1ginas interiores encima del logotipo 600&#215;60 px<\/p>\n<p>En otras colocaciones en la portada 728&#215;90 px<\/p>\n<p>En la parte superior de interiores 300&#215;250 px<\/p>\n<p>En otras colocaciones en p\u00e1ginas interiores 300&#215;250 px<\/p>\n<p><strong>Ubicaci\u00f3n:<br \/>\n<\/strong><em>Calle Primera # 17 Residencial Costa Sur Ban\u00ed, Rep\u00fablica Dominicana 94000<\/em><br \/>\n<em>Tel: 809-522-1169 y 809-383-8971<\/em><strong><br \/>\n<\/strong><\/p>\n","protected":false},"excerpt":{"rendered":"<p>Fundado en julio del 2009 por profesionales de la comunicaci\u00f3n social que buscan, preparan y publican hechos noticiosos y difunden opiniones para un p\u00fablico exigente en la era del periodismo electr\u00f3nico. Lic. Luis De Los Santos Director Ing. Adriana J. Tejeda Administradora Redacci\u00f3n: Email: primermomentodigital@gmail.com Pol\u00edtica informativa Los puntos de vista o art\u00edculos de opini\u00f3n, [&hellip;]<\/p>\n","protected":false},"author":1,"featured_media":0,"parent":0,"menu_order":0,"comment_status":"open","ping_status":"open","template":"","meta":{"_bbp_topic_count":0,"_bbp_reply_count":0,"_bbp_total_topic_count":0,"_bbp_total_reply_count":0,"_bbp_voice_count":0,"_bbp_anonymous_reply_count":0,"_bbp_topic_count_hidden":0,"_bbp_reply_count_hidden":0,"_bbp_forum_subforum_count":0,"footnotes":""},"class_list":["post-112000","page","type-page","status-publish"],"_links":{"self":[{"href":"https:\/\/primermomento.com\/index.php?rest_route=\/wp\/v2\/pages\/112000","targetHints":{"allow":["GET"]}}],"collection":[{"href":"https:\/\/primermomento.com\/index.php?rest_route=\/wp\/v2\/pages"}],"about":[{"href":"https:\/\/primermomento.com\/index.php?rest_route=\/wp\/v2\/types\/page"}],"author":[{"embeddable":true,"href":"https:\/\/primermomento.com\/index.php?rest_route=\/wp\/v2\/users\/1"}],"replies":[{"embeddable":true,"href":"https:\/\/primermomento.com\/index.php?rest_route=%2Fwp%2Fv2%2Fcomments&post=112000"}],"version-history":[{"count":25,"href":"https:\/\/primermomento.com\/index.php?rest_route=\/wp\/v2\/pages\/112000\/revisions"}],"predecessor-version":[{"id":397003,"href":"https:\/\/primermomento.com\/index.php?rest_route=\/wp\/v2\/pages\/112000\/revisions\/397003"}],"wp:attachment":[{"href":"https:\/\/primermomento.com\/index.php?rest_route=%2Fwp%2Fv2%2Fmedia&parent=112000"}],"curies":[{"name":"wp","href":"https:\/\/api.w.org\/{rel}","templated":true}]}}