{"id":6289,"date":"2009-09-29T20:47:06","date_gmt":"2009-09-30T00:47:06","guid":{"rendered":"http:\/\/primermomento.com\/?page_id=6289"},"modified":"2023-07-17T13:44:59","modified_gmt":"2023-07-17T17:44:59","slug":"quienes-somos","status":"publish","type":"page","link":"https:\/\/primermomento.com\/?page_id=6289","title":{"rendered":"Qui\u00e9nes somos"},"content":{"rendered":"<h6>Fundado en agosto del 2009, este medio de comunicaci\u00f3n digital investiga, produce y difunde contenidos period\u00edsticos en el ciberespacio, utilizando sus fuentes informativas y su base de datos electr\u00f3nicos. Desde su inicio, este peri\u00f3dico electr\u00f3nico, que originalmente naci\u00f3 en Boston, EEUU, y ha seguido desde Rep\u00fablica Dominicana dando cobertura diaria a eventos locales, nacionales e internacionales con temas y opiniones actualizadas, -mensajes que van dirigidos a un p\u00fablico caracterizado por diferentes niveles culturales, sociales y econ\u00f3micos-, ha contribuido al fortalecimiento de la democracia y a la libertad de expresi\u00f3n en nuestro pa\u00eds, Am\u00e9rica Latina y el resto del mundo.<\/h6>\n<h6>Los anunciantes podr\u00e1n contar con la asesor\u00eda de este medio para que su publicidad sea m\u00e1s efectiva. El diario lo asiste en el dise\u00f1o de una estrategia de comunicaci\u00f3n publicitaria en consonancia con las necesidades de instituciones p\u00fablicas y privadas.<\/h6>\n<p><strong>Pol\u00edtica informativa<\/strong><\/p>\n<p>Los puntos de vista o art\u00edculos de opini\u00f3n, difundidos en nuestro peri\u00f3dico digital, son responsabilidad de sus autores cuyas firmas e im\u00e1genes aparecen en el material de an\u00e1lisis abordados por estos valiosos profesionales de diferentes ramas del saber.<\/p>\n<p><strong>Ubicaci\u00f3n:<\/strong><br \/>\n<em>Calle Primera # 17 Residencial Costa Sur Ban\u00ed, Rep\u00fablica Dominicana 94000<\/em><br \/>\n<em>Tel: 809-522-1169 y 809-383-8971<\/em><\/p>\n<p>Email: primermomentodigital@gmail.com<\/p>\n","protected":false},"excerpt":{"rendered":"<p>Fundado en agosto del 2009, este medio de comunicaci\u00f3n digital investiga, produce y difunde contenidos period\u00edsticos en el ciberespacio, utilizando sus fuentes informativas y su base de datos electr\u00f3nicos. Desde su inicio, este peri\u00f3dico electr\u00f3nico, que originalmente naci\u00f3 en Boston, EEUU, y ha seguido desde Rep\u00fablica Dominicana dando cobertura diaria a eventos locales, nacionales e [&hellip;]<\/p>\n","protected":false},"author":1,"featured_media":0,"parent":0,"menu_order":0,"comment_status":"open","ping_status":"open","template":"","meta":{"_bbp_topic_count":0,"_bbp_reply_count":0,"_bbp_total_topic_count":0,"_bbp_total_reply_count":0,"_bbp_voice_count":0,"_bbp_anonymous_reply_count":0,"_bbp_topic_count_hidden":0,"_bbp_reply_count_hidden":0,"_bbp_forum_subforum_count":0,"footnotes":""},"class_list":["post-6289","page","type-page","status-publish"],"_links":{"self":[{"href":"https:\/\/primermomento.com\/index.php?rest_route=\/wp\/v2\/pages\/6289","targetHints":{"allow":["GET"]}}],"collection":[{"href":"https:\/\/primermomento.com\/index.php?rest_route=\/wp\/v2\/pages"}],"about":[{"href":"https:\/\/primermomento.com\/index.php?rest_route=\/wp\/v2\/types\/page"}],"author":[{"embeddable":true,"href":"https:\/\/primermomento.com\/index.php?rest_route=\/wp\/v2\/users\/1"}],"replies":[{"embeddable":true,"href":"https:\/\/primermomento.com\/index.php?rest_route=%2Fwp%2Fv2%2Fcomments&post=6289"}],"version-history":[{"count":26,"href":"https:\/\/primermomento.com\/index.php?rest_route=\/wp\/v2\/pages\/6289\/revisions"}],"predecessor-version":[{"id":391755,"href":"https:\/\/primermomento.com\/index.php?rest_route=\/wp\/v2\/pages\/6289\/revisions\/391755"}],"wp:attachment":[{"href":"https:\/\/primermomento.com\/index.php?rest_route=%2Fwp%2Fv2%2Fmedia&parent=6289"}],"curies":[{"name":"wp","href":"https:\/\/api.w.org\/{rel}","templated":true}]}}